{"id":1848,"date":"2026-04-01T15:45:55","date_gmt":"2026-04-01T13:45:55","guid":{"rendered":"https:\/\/www.lorry-mardigny-patrimoine.fr\/histoire\/?page_id=1848"},"modified":"2026-04-02T18:45:33","modified_gmt":"2026-04-02T16:45:33","slug":"1945-1960-revenir-au-village-et-reconstruire-novembre-2026","status":"publish","type":"page","link":"https:\/\/www.lorry-mardigny-patrimoine.fr\/histoire\/nos-rendez-vous-dhistoire\/1945-1960-revenir-au-village-et-reconstruire-novembre-2026\/","title":{"rendered":"1945-1960 revenir au village et reconstruire (novembre 2026)"},"content":{"rendered":"<h2 style=\"text-align: center;\"><strong>1945-1960<\/strong><\/h2>\n<h2 style=\"text-align: center;\"><strong>Revenir au village et reconstruire<\/strong><\/h2>\n<p>&nbsp;<\/p>\n<h4 style=\"text-align: center;\"><strong>du mercredi 4 novembre au mercredi 11 novembre 2026<\/strong><\/h4>\n<h4 style=\"text-align: center;\"><strong>Salle des f\u00eates, 1, Lieu-dit Entre-Deux-Bans 57420 Lorry-Mardigny<\/strong><\/h4>\n<p>Comme dans de nombreux villages francophones du Sud mosellan, la presque totalit\u00e9 des habitants de Lorry-Mardigny a \u00e9t\u00e9 expuls\u00e9e par l&rsquo;occupant allemand en novembre 1940. Apr\u00e8s plus de 4 ann\u00e9es pass\u00e9es dans les d\u00e9partements du Sud de la France, ils ont d\u00e9couvert au printemps 1945 les destructions des combats de la Lib\u00e9ration. C&rsquo;est avec une grande solidarit\u00e9 qu&rsquo;ils ont reconstruit leurs maisons, leurs villages, mais aussi une vie collective marqu\u00e9e par le mouvement coop\u00e9ratif et mutualiste.<\/p>\n<h4 style=\"text-align: center;\">Une exposition, des conf\u00e9rences<\/h4>\n<h4 style=\"text-align: center;\">Programme d\u00e9taill\u00e9 prochainement<\/h4>\n","protected":false},"excerpt":{"rendered":"<p>1945-1960 Revenir au village et reconstruire &nbsp; du mercredi 4 novembre au mercredi 11 novembre 2026 Salle des f\u00eates, 1, Lieu-dit Entre-Deux-Bans 57420 Lorry-Mardigny Comme dans de nombreux villages francophones du Sud mosellan, la presque totalit\u00e9 des habitants de Lorry-Mardigny a \u00e9t\u00e9 expuls\u00e9e par l&rsquo;occupant allemand en novembre 1940. Apr\u00e8s plus de 4 ann\u00e9es pass\u00e9es <a class=\"more-link\" href=\"https:\/\/www.lorry-mardigny-patrimoine.fr\/histoire\/nos-rendez-vous-dhistoire\/1945-1960-revenir-au-village-et-reconstruire-novembre-2026\/\">Lire plus &#8230;<\/a><\/p>\n","protected":false},"author":1,"featured_media":0,"parent":1856,"menu_order":0,"comment_status":"closed","ping_status":"closed","template":"","meta":{"footnotes":""},"class_list":["post-1848","page","type-page","status-publish","hentry"],"_links":{"self":[{"href":"https:\/\/www.lorry-mardigny-patrimoine.fr\/histoire\/wp-json\/wp\/v2\/pages\/1848","targetHints":{"allow":["GET"]}}],"collection":[{"href":"https:\/\/www.lorry-mardigny-patrimoine.fr\/histoire\/wp-json\/wp\/v2\/pages"}],"about":[{"href":"https:\/\/www.lorry-mardigny-patrimoine.fr\/histoire\/wp-json\/wp\/v2\/types\/page"}],"author":[{"embeddable":true,"href":"https:\/\/www.lorry-mardigny-patrimoine.fr\/histoire\/wp-json\/wp\/v2\/users\/1"}],"replies":[{"embeddable":true,"href":"https:\/\/www.lorry-mardigny-patrimoine.fr\/histoire\/wp-json\/wp\/v2\/comments?post=1848"}],"version-history":[{"count":0,"href":"https:\/\/www.lorry-mardigny-patrimoine.fr\/histoire\/wp-json\/wp\/v2\/pages\/1848\/revisions"}],"up":[{"embeddable":true,"href":"https:\/\/www.lorry-mardigny-patrimoine.fr\/histoire\/wp-json\/wp\/v2\/pages\/1856"}],"wp:attachment":[{"href":"https:\/\/www.lorry-mardigny-patrimoine.fr\/histoire\/wp-json\/wp\/v2\/media?parent=1848"}],"curies":[{"name":"wp","href":"https:\/\/api.w.org\/{rel}","templated":true}]}}