{"id":1865,"date":"2012-11-25T17:52:19","date_gmt":"2012-11-25T16:52:19","guid":{"rendered":"https:\/\/www.lorry-mardigny-patrimoine.fr\/histoire\/?page_id=1865"},"modified":"2026-04-02T19:22:09","modified_gmt":"2026-04-02T17:22:09","slug":"derniere-visite-des-ecoles-samedi-24-novembre-2012","status":"publish","type":"page","link":"https:\/\/www.lorry-mardigny-patrimoine.fr\/histoire\/nos-rendez-vous-dhistoire\/derniere-visite-des-ecoles-samedi-24-novembre-2012\/","title":{"rendered":"Derni\u00e8re visite des \u00e9coles, samedi 24 novembre 2012"},"content":{"rendered":"<p>A l&rsquo;\u00e9cole, je me souviens&#8230; C&rsquo;est fini, les cris et les rires d&rsquo;enfants ne retentiront plus dans la cour d&rsquo;\u00e9cole, \u00e0 Lorry, \u00e0 Mardigny. Une page se tourne. Un nouveau groupe scolaire accueille \u00e0 partir de cette rentr\u00e9e 2012 tous les enfants des c\u00f4tes \u00e0 Vezon.<\/p>\r\n<!-- \/wp:post-content -->\r\n\r\n<!-- wp:paragraph -->\r\n<p>Nous avons \u00e9t\u00e9 des centaines \u00e0 jouer, \u00e0 hurler dans ces deux cours de r\u00e9cr\u00e9ation communales, des centaines \u00e0 nous asseoir sur les bancs de ces deux \u00e9coles, \u00e0 nous appliquer, nous \u00e9merveiller, chahuter ou m\u00eame\u00a0 pleurer quelquefois. Nous avons propos\u00e9 \u00e0 tous, anciens \u00e9coliers de Lorry et Mardigny, mais aussi ma\u00eetresses et ma\u00eetres d&rsquo;\u00e9cole, de visiter une derni\u00e8re fois ces deux salles de classe le <strong>samedi 24 novembre 2012<\/strong> de 14h \u00e0 18h.<\/p>\r\n<!-- \/wp:paragraph -->\r\n\r\n<!-- wp:paragraph -->\r\n<p>Pour pr\u00e9parer cette journ\u00e9e des souvenirs de classe, de nombreux anciens \u00e9l\u00e8ves des \u00e9coles de Lorry et Mardigny ont \u00e9crit quelques souvenirs et petites anecdotes : <em><strong>\u00ab\u00a0Je me souviens&#8230;\u00a0\u00bb<\/strong><\/em><\/p>\r\n<!-- \/wp:paragraph -->\r\n\r\n<!-- wp:paragraph -->\r\n<p>Textes de la rubrique \u00ab\u00a0<a href=\"http:\/\/www.lorry-mardigny-patrimoine.fr\/histoire\/category\/histoire-thematique\/ecole\/ecole-au-20e-siecle-temoignages\/\">\u00e9cole au 20e si\u00e8cle : t\u00e9moignages\u00a0\u00bb<\/a><\/p>\r\n<p>&#8211; <a href=\"https:\/\/www.lorry-mardigny-patrimoine.fr\/histoire\/lecole-de-filles\/\">L\u2019\u00e9cole de filles (Bernadette)<\/a><\/p>\r\n<p>&#8211; <a href=\"https:\/\/www.lorry-mardigny-patrimoine.fr\/histoire\/16-ans-de-bonheur\/\">16 ans de bonheur (Jocelyne)<\/a><\/p>\r\n<p>&#8211; <a href=\"https:\/\/www.lorry-mardigny-patrimoine.fr\/histoire\/quelques-souvenirs\/\">Quelques souvenirs (Marie-Th\u00e9r\u00e8se)<\/a><\/p>\r\n<p>&#8211; <a href=\"https:\/\/www.lorry-mardigny-patrimoine.fr\/histoire\/en-attendant-le-car-scolaire\/\">En attendant le car scolaire\u2026 (Am\u00e9lie)<\/a><\/p>\r\n<p>&#8211; <a href=\"https:\/\/www.lorry-mardigny-patrimoine.fr\/histoire\/un-arbre-dans-la-cour\/\">Un arbre dans la cour (Jean-Luc)<\/a><\/p>\r\n<p>&#8211; <a href=\"https:\/\/www.lorry-mardigny-patrimoine.fr\/histoire\/la-classe-ou-la-cote\/\">La classe ou la c\u00f4te\u2026 (Mathieu)<\/a><\/p>\r\n<p>&#8211; <a href=\"https:\/\/www.lorry-mardigny-patrimoine.fr\/histoire\/a-la-boulangerie\/\">A la boulangerie (St\u00e9phanie)<\/a><\/p>\r\n<p>&#8211; <a href=\"https:\/\/www.lorry-mardigny-patrimoine.fr\/histoire\/135-2\/\">En colle (Denis)<\/a><\/p>\r\n<p>&#8211; <a href=\"https:\/\/www.lorry-mardigny-patrimoine.fr\/histoire\/un-mysterieux-telegramme\/\">Un myst\u00e9rieux t\u00e9l\u00e9gramme (Anne-Marie)<\/a><\/p>\r\n<p>&#8211; <a href=\"https:\/\/www.lorry-mardigny-patrimoine.fr\/histoire\/panne-de-chauffage\/\">Panne de chauffage (Anne-Marie)<\/a><\/p>\r\n<p>&#8211; <a href=\"https:\/\/www.lorry-mardigny-patrimoine.fr\/histoire\/un-bonbon-pour-un-pain\/\">Un bonbon pour un pain (Emilie)<\/a><\/p>\r\n<p>&#8211; <a href=\"https:\/\/www.lorry-mardigny-patrimoine.fr\/histoire\/nostalgie\/\">Nostalgie\u2026 (R\u00e9gine)<\/a><\/p>\r\n<p>&#8211; <a href=\"https:\/\/www.lorry-mardigny-patrimoine.fr\/histoire\/jeu-du-beret-et-bonnet-dane\/\">Jeu du b\u00e9ret et bonnet d\u2019\u00e2ne (Bernadette)<\/a><\/p>\r\n<p>&#8211; <a href=\"https:\/\/www.lorry-mardigny-patrimoine.fr\/histoire\/un-cours-de-religion-agite\/\">Un cours de religion agit\u00e9 (Emilie)<\/a><\/p>\r\n<p>&#8211; <a href=\"https:\/\/www.lorry-mardigny-patrimoine.fr\/histoire\/94-2\/\">Accompagn\u00e9s au piano (Andr\u00e9)<\/a><\/p>\r\n<p>&#8211; <a href=\"https:\/\/www.lorry-mardigny-patrimoine.fr\/histoire\/guten-tag\/\">Guten Tag (St\u00e9phanie)<\/a><\/p>\r\n<p>&#8211; <a href=\"https:\/\/www.lorry-mardigny-patrimoine.fr\/histoire\/86-2\/\">Grimper comme un ouistiti (Jean-Luc)<\/a><\/p>\r\n<p>&#8211; <a href=\"https:\/\/www.lorry-mardigny-patrimoine.fr\/histoire\/un-beau-fossile\/\">Un beau fossile (Jean-Luc)<\/a><\/p>\r\n<p>&#8211; <a href=\"https:\/\/www.lorry-mardigny-patrimoine.fr\/histoire\/a-lecole-a-la-campagne\/\">A l\u2019\u00e9cole \u00e0 la campagne (Bernadette)<\/a><\/p>\r\n<p>&#8211; <a href=\"https:\/\/www.lorry-mardigny-patrimoine.fr\/histoire\/73-2\/\">Sang rouge, sang bleu (Anne-Marie)<\/a><\/p>\r\n<p>&#8211; <a href=\"https:\/\/www.lorry-mardigny-patrimoine.fr\/histoire\/la-radio-scolaire\/\">La radio scolaire (Anne-Marie)<\/a><\/p>\r\n<p>&#8211; <a href=\"https:\/\/www.lorry-mardigny-patrimoine.fr\/histoire\/vive-le-sport\/\">Vive le sport ! (Anne-Marie)<\/a><\/p>\r\n<p>&#8211; <a href=\"https:\/\/www.lorry-mardigny-patrimoine.fr\/histoire\/la-classe-unique\/\">La classe unique (Anne-Marie)<\/a><\/p>\r\n<p>&#8211; <a href=\"https:\/\/www.lorry-mardigny-patrimoine.fr\/histoire\/les-recitations\/\">Les r\u00e9citations (Anne-Marie)<\/a><\/p>\r\n<p>&#8211; <a href=\"https:\/\/www.lorry-mardigny-patrimoine.fr\/histoire\/les-cours-de-religion\/\">Les cours de religion (St\u00e9phanie)<\/a><\/p>\r\n<p>&#8211; <a href=\"https:\/\/www.lorry-mardigny-patrimoine.fr\/histoire\/lheure-de-la-sortie-2\/\">L\u2019heure de la sortie (Anne-Marie)<\/a><\/p>\r\n<p>&#8211; <a href=\"https:\/\/www.lorry-mardigny-patrimoine.fr\/histoire\/la-recre-2\/\">La r\u00e9cr\u00e9 (Anne-Marie)<\/a><\/p>\r\n<p>&#8211; <a href=\"https:\/\/www.lorry-mardigny-patrimoine.fr\/histoire\/septembre-1961\/\">Septembre 1961 (Anne-Marie)<\/a><\/p>\r\n<p>&#8211;<a href=\"https:\/\/www.lorry-mardigny-patrimoine.fr\/histoire\/wp-content\/uploads\/RL_2012-11-24_LM_derniere-visite-aux-ecoles.jpg\"><img loading=\"lazy\" decoding=\"async\" class=\"size-large wp-image-1867\" src=\"https:\/\/www.lorry-mardigny-patrimoine.fr\/histoire\/wp-content\/uploads\/RL_2012-11-24_LM_derniere-visite-aux-ecoles-546x1024.jpg\" alt=\"\" width=\"546\" height=\"1024\" srcset=\"https:\/\/www.lorry-mardigny-patrimoine.fr\/histoire\/wp-content\/uploads\/RL_2012-11-24_LM_derniere-visite-aux-ecoles-546x1024.jpg 546w, https:\/\/www.lorry-mardigny-patrimoine.fr\/histoire\/wp-content\/uploads\/RL_2012-11-24_LM_derniere-visite-aux-ecoles-160x300.jpg 160w, https:\/\/www.lorry-mardigny-patrimoine.fr\/histoire\/wp-content\/uploads\/RL_2012-11-24_LM_derniere-visite-aux-ecoles-768x1442.jpg 768w, https:\/\/www.lorry-mardigny-patrimoine.fr\/histoire\/wp-content\/uploads\/RL_2012-11-24_LM_derniere-visite-aux-ecoles-818x1536.jpg 818w, https:\/\/www.lorry-mardigny-patrimoine.fr\/histoire\/wp-content\/uploads\/RL_2012-11-24_LM_derniere-visite-aux-ecoles.jpg 959w\" sizes=\"auto, (max-width: 546px) 100vw, 546px\" \/><\/a><\/p>\r\n\r\nArticle R\u00e9publicain Lorrain\r\n\r\n<p>&nbsp;<\/p>\r\n<p>&nbsp;<\/p>\r\n<p>&nbsp;<\/p>","protected":false},"excerpt":{"rendered":"<p>A l&rsquo;\u00e9cole, je me souviens&#8230; C&rsquo;est fini, les cris et les rires d&rsquo;enfants ne retentiront plus dans la cour d&rsquo;\u00e9cole, \u00e0 Lorry, \u00e0 Mardigny. Une page se tourne. Un nouveau groupe scolaire accueille \u00e0 partir de cette rentr\u00e9e 2012 tous les enfants des c\u00f4tes \u00e0 Vezon. Nous avons \u00e9t\u00e9 des centaines \u00e0 jouer, \u00e0 hurler <a class=\"more-link\" href=\"https:\/\/www.lorry-mardigny-patrimoine.fr\/histoire\/nos-rendez-vous-dhistoire\/derniere-visite-des-ecoles-samedi-24-novembre-2012\/\">Lire plus &#8230;<\/a><\/p>\n","protected":false},"author":1,"featured_media":0,"parent":1856,"menu_order":0,"comment_status":"closed","ping_status":"closed","template":"","meta":{"footnotes":""},"class_list":["post-1865","page","type-page","status-publish","hentry"],"_links":{"self":[{"href":"https:\/\/www.lorry-mardigny-patrimoine.fr\/histoire\/wp-json\/wp\/v2\/pages\/1865","targetHints":{"allow":["GET"]}}],"collection":[{"href":"https:\/\/www.lorry-mardigny-patrimoine.fr\/histoire\/wp-json\/wp\/v2\/pages"}],"about":[{"href":"https:\/\/www.lorry-mardigny-patrimoine.fr\/histoire\/wp-json\/wp\/v2\/types\/page"}],"author":[{"embeddable":true,"href":"https:\/\/www.lorry-mardigny-patrimoine.fr\/histoire\/wp-json\/wp\/v2\/users\/1"}],"replies":[{"embeddable":true,"href":"https:\/\/www.lorry-mardigny-patrimoine.fr\/histoire\/wp-json\/wp\/v2\/comments?post=1865"}],"version-history":[{"count":0,"href":"https:\/\/www.lorry-mardigny-patrimoine.fr\/histoire\/wp-json\/wp\/v2\/pages\/1865\/revisions"}],"up":[{"embeddable":true,"href":"https:\/\/www.lorry-mardigny-patrimoine.fr\/histoire\/wp-json\/wp\/v2\/pages\/1856"}],"wp:attachment":[{"href":"https:\/\/www.lorry-mardigny-patrimoine.fr\/histoire\/wp-json\/wp\/v2\/media?parent=1865"}],"curies":[{"name":"wp","href":"https:\/\/api.w.org\/{rel}","templated":true}]}}