{"id":826,"date":"2019-01-28T12:01:28","date_gmt":"2019-01-28T11:01:28","guid":{"rendered":"http:\/\/www.lorry-mardigny-patrimoine.fr\/histoire\/?page_id=826"},"modified":"2026-04-02T18:47:25","modified_gmt":"2026-04-02T16:47:25","slug":"la-reforme-protestante-a-lorry-mardigny-fevrier-2019","status":"publish","type":"page","link":"https:\/\/www.lorry-mardigny-patrimoine.fr\/histoire\/nos-rendez-vous-dhistoire\/la-reforme-protestante-a-lorry-mardigny-fevrier-2019\/","title":{"rendered":"La R\u00e9forme protestante \u00e0 Lorry-Mardigny (f\u00e9vrier 2019)"},"content":{"rendered":"\r\n<figure class=\"wp-block-image\"><img loading=\"lazy\" decoding=\"async\" width=\"722\" height=\"1024\" class=\"wp-image-828\" src=\"http:\/\/www.lorry-mardigny-patrimoine.fr\/histoire\/wp-content\/uploads\/tract_A5_recto_w-722x1024.jpg\" alt=\"\" srcset=\"https:\/\/www.lorry-mardigny-patrimoine.fr\/histoire\/wp-content\/uploads\/tract_A5_recto_w-722x1024.jpg 722w, https:\/\/www.lorry-mardigny-patrimoine.fr\/histoire\/wp-content\/uploads\/tract_A5_recto_w-211x300.jpg 211w, https:\/\/www.lorry-mardigny-patrimoine.fr\/histoire\/wp-content\/uploads\/tract_A5_recto_w-768x1090.jpg 768w, https:\/\/www.lorry-mardigny-patrimoine.fr\/histoire\/wp-content\/uploads\/tract_A5_recto_w.jpg 874w\" sizes=\"auto, (max-width: 722px) 100vw, 722px\" \/><\/figure>\r\n\r\n\r\n\r\n<figure class=\"wp-block-image\"><img loading=\"lazy\" decoding=\"async\" width=\"722\" height=\"1024\" class=\"wp-image-829\" src=\"http:\/\/www.lorry-mardigny-patrimoine.fr\/histoire\/wp-content\/uploads\/tract_A5_verso_w-722x1024.jpg\" alt=\"\" srcset=\"https:\/\/www.lorry-mardigny-patrimoine.fr\/histoire\/wp-content\/uploads\/tract_A5_verso_w-722x1024.jpg 722w, https:\/\/www.lorry-mardigny-patrimoine.fr\/histoire\/wp-content\/uploads\/tract_A5_verso_w-211x300.jpg 211w, https:\/\/www.lorry-mardigny-patrimoine.fr\/histoire\/wp-content\/uploads\/tract_A5_verso_w-768x1090.jpg 768w, https:\/\/www.lorry-mardigny-patrimoine.fr\/histoire\/wp-content\/uploads\/tract_A5_verso_w.jpg 874w\" sizes=\"auto, (max-width: 722px) 100vw, 722px\" \/><\/figure>\r\n","protected":false},"excerpt":{"rendered":"","protected":false},"author":1,"featured_media":0,"parent":1856,"menu_order":0,"comment_status":"closed","ping_status":"closed","template":"","meta":{"footnotes":""},"class_list":["post-826","page","type-page","status-publish","hentry"],"_links":{"self":[{"href":"https:\/\/www.lorry-mardigny-patrimoine.fr\/histoire\/wp-json\/wp\/v2\/pages\/826","targetHints":{"allow":["GET"]}}],"collection":[{"href":"https:\/\/www.lorry-mardigny-patrimoine.fr\/histoire\/wp-json\/wp\/v2\/pages"}],"about":[{"href":"https:\/\/www.lorry-mardigny-patrimoine.fr\/histoire\/wp-json\/wp\/v2\/types\/page"}],"author":[{"embeddable":true,"href":"https:\/\/www.lorry-mardigny-patrimoine.fr\/histoire\/wp-json\/wp\/v2\/users\/1"}],"replies":[{"embeddable":true,"href":"https:\/\/www.lorry-mardigny-patrimoine.fr\/histoire\/wp-json\/wp\/v2\/comments?post=826"}],"version-history":[{"count":1,"href":"https:\/\/www.lorry-mardigny-patrimoine.fr\/histoire\/wp-json\/wp\/v2\/pages\/826\/revisions"}],"predecessor-version":[{"id":1874,"href":"https:\/\/www.lorry-mardigny-patrimoine.fr\/histoire\/wp-json\/wp\/v2\/pages\/826\/revisions\/1874"}],"up":[{"embeddable":true,"href":"https:\/\/www.lorry-mardigny-patrimoine.fr\/histoire\/wp-json\/wp\/v2\/pages\/1856"}],"wp:attachment":[{"href":"https:\/\/www.lorry-mardigny-patrimoine.fr\/histoire\/wp-json\/wp\/v2\/media?parent=826"}],"curies":[{"name":"wp","href":"https:\/\/api.w.org\/{rel}","templated":true}]}}