{"id":7,"date":"2015-09-26T19:07:40","date_gmt":"2015-09-26T18:07:40","guid":{"rendered":"http:\/\/www.lorry-mardigny-patrimoine.fr\/musique\/?page_id=7"},"modified":"2023-11-01T21:42:03","modified_gmt":"2023-11-01T20:42:03","slug":"concerts-a-lorry-mardigny","status":"publish","type":"page","link":"https:\/\/www.lorry-mardigny-patrimoine.fr\/musique\/concerts-a-lorry-mardigny\/","title":{"rendered":"Concerts \u00e0 Lorry-Mardigny"},"content":{"rendered":"<p style=\"text-align: justify;\">La Commission Patrimoine de Familles Rurales-Association de La C\u00f4te organise des concerts,\u00a0le plus souvent\u00a0dans les deux \u00e9glises de la commune. Elle a contribu\u00e9 au dossier de restauration de l&rsquo;orgue Link de l&rsquo;\u00e9glise Ste Croix \u00e0 Lorry (2004) et veille en particulier \u00e0 cr\u00e9er des occasions d&rsquo;\u00e9couter cet instrument pos\u00e9 en 1910.<\/p>\n<p style=\"text-align: justify;\">Ce sont avant tout des ensembles vocaux qui se produisent \u00e0 Lorry-Mardigny, <em>a cappella<\/em> ou accompagn\u00e9s \u00e0 l&rsquo;orgue<em>. <\/em>Des instruments aussi diff\u00e9rents que fl\u00fbtes \u00e0 bec, fl\u00fbtes traversi\u00e8res, marimba, hautbois, sacqueboutes et trombones ont \u00e9galement r\u00e9sonn\u00e9 devant le public de Lorry-Mardigny.<\/p>\n","protected":false},"excerpt":{"rendered":"<p>La Commission Patrimoine de Familles Rurales-Association de La C\u00f4te organise des concerts,\u00a0le plus souvent\u00a0dans les <a class=\"more-link\" href=\"https:\/\/www.lorry-mardigny-patrimoine.fr\/musique\/concerts-a-lorry-mardigny\/\">Lire plus &#8230;<\/a><\/p>\n","protected":false},"author":1,"featured_media":0,"parent":0,"menu_order":0,"comment_status":"closed","ping_status":"closed","template":"","meta":{"footnotes":""},"class_list":["post-7","page","type-page","status-publish","hentry"],"_links":{"self":[{"href":"https:\/\/www.lorry-mardigny-patrimoine.fr\/musique\/wp-json\/wp\/v2\/pages\/7","targetHints":{"allow":["GET"]}}],"collection":[{"href":"https:\/\/www.lorry-mardigny-patrimoine.fr\/musique\/wp-json\/wp\/v2\/pages"}],"about":[{"href":"https:\/\/www.lorry-mardigny-patrimoine.fr\/musique\/wp-json\/wp\/v2\/types\/page"}],"author":[{"embeddable":true,"href":"https:\/\/www.lorry-mardigny-patrimoine.fr\/musique\/wp-json\/wp\/v2\/users\/1"}],"replies":[{"embeddable":true,"href":"https:\/\/www.lorry-mardigny-patrimoine.fr\/musique\/wp-json\/wp\/v2\/comments?post=7"}],"version-history":[{"count":0,"href":"https:\/\/www.lorry-mardigny-patrimoine.fr\/musique\/wp-json\/wp\/v2\/pages\/7\/revisions"}],"wp:attachment":[{"href":"https:\/\/www.lorry-mardigny-patrimoine.fr\/musique\/wp-json\/wp\/v2\/media?parent=7"}],"curies":[{"name":"wp","href":"https:\/\/api.w.org\/{rel}","templated":true}]}}